{"id":9,"date":"2022-10-05T13:35:17","date_gmt":"2022-10-05T13:35:17","guid":{"rendered":"https:\/\/camp-spirit-lake.uqo.ca\/?page_id=9"},"modified":"2022-10-21T21:03:34","modified_gmt":"2022-10-21T21:03:34","slug":"ressources","status":"publish","type":"page","link":"https:\/\/camp-spirit-lake.uqo.ca\/?page_id=9","title":{"rendered":"Ressources"},"content":{"rendered":"\n<p><strong>Ressources web compl\u00e9mentaires<\/strong> <strong>sur les op\u00e9rations nationales d\u2019internement au Canada<\/strong><\/p>\n\n\n\n<p>Critical Thinking Consortium (site p\u00e9dagogique): <a href=\"https:\/\/tc2.ca\/en\/CFWWIRF-fr\/\">https:\/\/tc2.ca\/en\/CFWWIRF-fr\/<\/a><br>Biblioth\u00e8que et Archives Canada<em> :<\/em><a href=\" https:\/\/www.bac-lac.gc.ca\/fra\/decouvrez\/politique-gouvernement\/Pages\/guides-thematiques-camps-internement.aspx#b\"> https:\/\/www.bac-lac.gc.ca\/fra\/decouvrez\/politique-gouvernement\/Pages\/guides-thematiques-camps-internement.aspx#b<\/a><br>Vid\u00e9o Camp Spirit Lake: <a href=\"https:\/\/ici.radio-canada.ca\/nouvelle\/701890\/camp-spirit-lake-100-ans-amos-abitibi\">https:\/\/ici.radio-canada.ca\/nouvelle\/701890\/camp-spirit-lake-100-ans-amos-abitibi<\/a><br><\/p>\n\n\n\n<p><strong>R\u00e9f\u00e9rences<\/strong><br><em>Articles<\/em><br>Biega, A., Diakowsky, M. (1994). La vie des ukrainiens du que\u0301bec. E\u0301ditions Basiliens.<br>Labr\u00e8che, D. et Legendre, A. (2018). De Spirit lake \u00e0 la ferme : la naissance d&rsquo;un village.                                                       Laroche, D. (2014). Resurfa\u00e7age du stationnement du Centre d\u2019interpr\u00e9tation Camp Spirit Lake. Arch\u00e9o-08.<br>Roy, C. (2000). Le Camp de d\u00e9tention de Spirit Lake (DdGn-1) : r\u00e9sultats d\u2019une premi\u00e8re intervention arch\u00e9ologique. Corporation Arch\u00e9o-08. Abitibi-T\u00e9miscamingue.<br>Roy, C. (2016). Le camp de d\u00e9tention de Spirit Lake en Abitibi (1915-1917) : d\u2019une transformation du paysage \u00e0 la colonisation du territoire. Les Nouvelles de l\u2019arch\u00e9ologie. Arch\u00e9ologie de la r\u00e9clusion et de la d\u00e9tention, 143, p. 42-47.<br>Roy, P., Internement au Canada (2020). Dans l&rsquo;Encyclop\u00e9die Canadienne. Rep\u00e9r\u00e9 \u00e0 <a href=\"https:\/\/www.thecanadianencyclopedia.ca\/fr\/article\/internement-1.\">https:\/\/www.thecanadianencyclopedia.ca\/fr\/article\/internement-1.<\/a><\/p>\n\n\n\n<p><em>Oeuvres de fiction<\/em><br>Bergeron, C. (2020). Les Amants maudits de Spirit Lake. \u00c9ditions Druide.                                                                                        Brien S. (2008). Spirit Lake. Montr\u00e9al : Gallimard                                                                                                                                    Skrypuch, M. F. et Faubert, M. (2008). Prisonniers de la grande for\u00eat : Anya Soloniuk, fille d&rsquo;immigrants ukrainiens. \u00c9ditions Scholastic.<\/p>\n\n\n\n<p><\/p>\n\n\n\n<p><em>Photos<\/em><br>Cr\u00e9dit : campspiritlake.ca <a href=\"https:\/\/ici.radio-canada.ca\/nouvelle\/701890\/camp-spirit-lake-100-ans-amos-abitibi\">https:\/\/ici.radio-canada.ca\/nouvelle\/701890\/camp-spirit-lake-100-ans-amos-abitibi<\/a> Photo : Femmes et enfant prisonniers au camp d\u2019internement de Spirit Lake, en Abitibi (Qu\u00e9bec) Cr\u00e9dit : Biblioth\u00e8que et Archives Canada\/ Collection R. Palmer\/ 3258009<br>Photo : Officiers partageant un repas avec leurs familles au camp d\u2019internement de Spirit Lake, en Abitibi (Qu\u00e9bec). Source : Biblioth\u00e8que et Archives Canada\/ Collection R. Palmer\/ 3258034<br>Camp de d\u00e9tention de Spirit Lake, district d&rsquo;Abitibi, QC [Document photographique]. [v. 1916]. Mus\u00e9e McCord Museum, Montr\u00e9al, QC, Canada. [Vue 5791]. <a href=\"http:\/\/collections.musee-mccord.qc.ca\/fr\/collection\/artefacts\/VIEW-5791\/\">http:\/\/collections.musee-mccord.qc.ca\/fr\/collection\/artefacts\/VIEW-5791\/<\/a><br>Photo : Deux prisonniers au camp d\u2019internement de Spirit Lake, en Abitibi (Qu\u00e9bec) Source : Biblioth\u00e8que et Archives Canada\/Collection R. Palmer\/4628436<br>Photo : Vue du coeur du camp de d\u00e9tention de Spirit Lake avec son champ de parade et le lac des Esprits en arri\u00e8re-plan Source : Biblioth\u00e8que et Archives Canada\/ Collection R. Palmer\/ 3258055<br>Domaine St-Viateur dans le secteur La Ferme \u00e0 Tr\u00e9cesson (2021) Cr\u00e9dit : Val\u00e9rie Lesage Centre d\u2019interpr\u00e9tation Cr\u00e9dit : Julien Rivard<br>Photo : La Madone intern\u00e9e<br>Source : Patrimoine culturel <a href=\"https:\/\/www.patrimoine-culturel.gouv.qc.ca\/rpcq\/document\/rpcq_bien_159444_103558.JPG?id=103558\">https:\/\/www.patrimoine-culturel.gouv.qc.ca\/rpcq\/document\/rpcq_bien_159444_103558.JPG?id=103558<\/a><\/p>\n","protected":false},"excerpt":{"rendered":"<p>Ressources web compl\u00e9mentaires sur les op\u00e9rations nationales d\u2019internement au Canada Critical Thinking Consortium (site p\u00e9dagogique): https:\/\/tc2.ca\/en\/CFWWIRF-fr\/Biblioth\u00e8que et Archives Canada : https:\/\/www.bac-lac.gc.ca\/fra\/decouvrez\/politique-gouvernement\/Pages\/guides-thematiques-camps-internement.aspx#bVid\u00e9o Camp Spirit Lake: https:\/\/ici.radio-canada.ca\/nouvelle\/701890\/camp-spirit-lake-100-ans-amos-abitibi R\u00e9f\u00e9rencesArticlesBiega, A., Diakowsky, M. (1994). La vie des ukrainiens du que\u0301bec. E\u0301ditions Basiliens.Labr\u00e8che, D. et Legendre, A. (2018). De Spirit lake \u00e0 la ferme : la naissance d&rsquo;un village. Laroche, [&hellip;]<\/p>\n","protected":false},"author":1,"featured_media":0,"parent":0,"menu_order":0,"comment_status":"closed","ping_status":"closed","template":"","meta":[],"_links":{"self":[{"href":"https:\/\/camp-spirit-lake.uqo.ca\/index.php?rest_route=\/wp\/v2\/pages\/9"}],"collection":[{"href":"https:\/\/camp-spirit-lake.uqo.ca\/index.php?rest_route=\/wp\/v2\/pages"}],"about":[{"href":"https:\/\/camp-spirit-lake.uqo.ca\/index.php?rest_route=\/wp\/v2\/types\/page"}],"author":[{"embeddable":true,"href":"https:\/\/camp-spirit-lake.uqo.ca\/index.php?rest_route=\/wp\/v2\/users\/1"}],"replies":[{"embeddable":true,"href":"https:\/\/camp-spirit-lake.uqo.ca\/index.php?rest_route=%2Fwp%2Fv2%2Fcomments&post=9"}],"version-history":[{"count":8,"href":"https:\/\/camp-spirit-lake.uqo.ca\/index.php?rest_route=\/wp\/v2\/pages\/9\/revisions"}],"predecessor-version":[{"id":179,"href":"https:\/\/camp-spirit-lake.uqo.ca\/index.php?rest_route=\/wp\/v2\/pages\/9\/revisions\/179"}],"wp:attachment":[{"href":"https:\/\/camp-spirit-lake.uqo.ca\/index.php?rest_route=%2Fwp%2Fv2%2Fmedia&parent=9"}],"curies":[{"name":"wp","href":"https:\/\/api.w.org\/{rel}","templated":true}]}}