{"id":7,"date":"2022-10-05T13:35:17","date_gmt":"2022-10-05T13:35:17","guid":{"rendered":"https:\/\/camp-spirit-lake.uqo.ca\/?page_id=7"},"modified":"2022-10-21T21:04:51","modified_gmt":"2022-10-21T21:04:51","slug":"primaire","status":"publish","type":"page","link":"https:\/\/camp-spirit-lake.uqo.ca\/?page_id=7","title":{"rendered":"Ce qui reste du camp"},"content":{"rendered":"\n<p><strong>Ce qui reste du camp d\u2019internement Spirit Lake aujourd\u2019hui\u2026<\/strong><\/p>\n\n\n\n<p>Un peu plus de 100 ans plus tard, on constate qu\u2019il reste tr\u00e8s peu de traces du camp d\u2019internement Spirit Lake. En effet, outre un cimeti\u00e8re o\u00f9 reposent dix-neuf s\u00e9pultures, l\u2019ensemble des b\u00e2timents du camp Spirit Lake ont \u00e9t\u00e9 d\u00e9molis \u00e0 l\u2019\u00e9t\u00e9 1919, seule une vieille grange, qui servait de gymnase, est rest\u00e9e debout. D\u00e8s la fin de l\u2019usage du camp d\u2019internement, le site est transform\u00e9 en ferme exp\u00e9rimentale par le gouvernement f\u00e9d\u00e9ral afin de pourvoir aux d\u00e9veloppements agricoles en r\u00e9gion nordique (1918-1932). En 1936, l\u2019emplacement est r\u00e9troc\u00e9d\u00e9 au gouvernement provincial et offert \u00e0 la Congr\u00e9gation des Clercs de Saint-Viateur qui y fondent une \u00e9cole moyenne d\u2019agriculture (1936-1961), et demeurent \u00e0 ce jour les propri\u00e9taires de la majeure partie du site historique, et ce, bien que le b\u00e2timent principal des Clercs ait \u00e9t\u00e9 converti en unit\u00e9s r\u00e9sidentielles priv\u00e9es (voir la photo ci-dessous).<\/p>\n\n\n<div class=\"wp-block-image\">\n<figure class=\"alignleft size-full is-resized\"><img loading=\"lazy\" src=\"https:\/\/camp-spirit-lake.uqo.ca\/wp-content\/uploads\/2022\/10\/image-14.png\" alt=\"\" class=\"wp-image-98\" width=\"342\" height=\"270\" srcset=\"https:\/\/camp-spirit-lake.uqo.ca\/wp-content\/uploads\/2022\/10\/image-14.png 453w, https:\/\/camp-spirit-lake.uqo.ca\/wp-content\/uploads\/2022\/10\/image-14-300x237.png 300w\" sizes=\"(max-width: 342px) 100vw, 342px\" \/><figcaption>Camp de d\u00e9tention de Spirit Lake, district d&rsquo;Abitibi, QC [Document photographique]. [v. 1916]. Mus\u00e9e McCord Domaine St-Viateur dans le secteur La Ferme \u00e0 Tr\u00e9cesson (2021) Museum, Montr\u00e9al, QC, Canada. [Vue 5791].<\/figcaption><\/figure><\/div>\n\n<div class=\"wp-block-image\">\n<figure class=\"alignright size-full is-resized\"><img loading=\"lazy\" src=\"https:\/\/camp-spirit-lake.uqo.ca\/wp-content\/uploads\/2022\/10\/image-15.png\" alt=\"\" class=\"wp-image-99\" width=\"410\" height=\"230\" srcset=\"https:\/\/camp-spirit-lake.uqo.ca\/wp-content\/uploads\/2022\/10\/image-15.png 641w, https:\/\/camp-spirit-lake.uqo.ca\/wp-content\/uploads\/2022\/10\/image-15-300x168.png 300w\" sizes=\"(max-width: 410px) 100vw, 410px\" \/><figcaption>Domaine St-Viateur dans le secteur La Ferme \u00e0 Tr\u00e9cesson (2021) <br><strong>Cr\u00e9dit:<\/strong> Val\u00e9rie Lesage<\/figcaption><\/figure><\/div>\n\n\n<p><\/p>\n\n\n\n<p><\/p>\n\n\n\n<p>Des ann\u00e9es plus tard, quelques fouilles arch\u00e9ologiques ont fait l\u2019objet de rapports d\u00e9taill\u00e9s au d\u00e9but des ann\u00e9es 2000. Puis, un mus\u00e9e, le Centre d\u2019interpr\u00e9tation du camp Spirit Lake voit le jour en 2011 afin de mettre en valeur le patrimoine historique du camp Spirit Lake. Situ\u00e9 dans le secteur de La ferme \u00e0 Tr\u00e9cesson, il poursuit ses activit\u00e9s jusqu\u2019en 2018. \u00c0 la suite de sa fermeture pour des raisons d&rsquo;insolvabilit\u00e9,  l&rsquo;exposition est d\u00e9mantel\u00e9e, puis l\u2019\u00e9glise, o\u00f9 \u00e9tait situ\u00e9 le mus\u00e9e, est achet\u00e9e par un particulier en 2019.<\/p>\n\n\n\n<p><\/p>\n\n\n<div class=\"wp-block-image\">\n<figure class=\"alignleft size-full is-resized\"><img loading=\"lazy\" src=\"https:\/\/camp-spirit-lake.uqo.ca\/wp-content\/uploads\/2022\/10\/image-16.png\" alt=\"\" class=\"wp-image-101\" width=\"430\" height=\"323\" srcset=\"https:\/\/camp-spirit-lake.uqo.ca\/wp-content\/uploads\/2022\/10\/image-16.png 438w, https:\/\/camp-spirit-lake.uqo.ca\/wp-content\/uploads\/2022\/10\/image-16-300x225.png 300w\" sizes=\"(max-width: 430px) 100vw, 430px\" \/><figcaption>Exposition du Centre d&rsquo;interpr\u00e9tation camp Spirit Lake <br><strong>Cr\u00e9dit photo: <\/strong>Julien Rivard<\/figcaption><\/figure><\/div>\n\n<div class=\"wp-block-image\">\n<figure class=\"alignright size-full is-resized\"><img loading=\"lazy\" src=\"https:\/\/camp-spirit-lake.uqo.ca\/wp-content\/uploads\/2022\/10\/image-17.png\" alt=\"\" class=\"wp-image-102\" width=\"262\" height=\"350\" srcset=\"https:\/\/camp-spirit-lake.uqo.ca\/wp-content\/uploads\/2022\/10\/image-17.png 254w, https:\/\/camp-spirit-lake.uqo.ca\/wp-content\/uploads\/2022\/10\/image-17-225x300.png 225w\" sizes=\"(max-width: 262px) 100vw, 262px\" \/><figcaption>Exposition du Centre d&rsquo;interpr\u00e9tation camp Spirit Lake <br><strong>Cr\u00e9dit photo: <\/strong>Julien Rivard<\/figcaption><\/figure><\/div>\n\n\n<p><\/p>\n","protected":false},"excerpt":{"rendered":"<p>Ce qui reste du camp d\u2019internement Spirit Lake aujourd\u2019hui\u2026 Un peu plus de 100 ans plus tard, on constate qu\u2019il reste tr\u00e8s peu de traces du camp d\u2019internement Spirit Lake. En effet, outre un cimeti\u00e8re o\u00f9 reposent dix-neuf s\u00e9pultures, l\u2019ensemble des b\u00e2timents du camp Spirit Lake ont \u00e9t\u00e9 d\u00e9molis \u00e0 l\u2019\u00e9t\u00e9 1919, seule une vieille [&hellip;]<\/p>\n","protected":false},"author":1,"featured_media":0,"parent":0,"menu_order":0,"comment_status":"closed","ping_status":"closed","template":"","meta":[],"_links":{"self":[{"href":"https:\/\/camp-spirit-lake.uqo.ca\/index.php?rest_route=\/wp\/v2\/pages\/7"}],"collection":[{"href":"https:\/\/camp-spirit-lake.uqo.ca\/index.php?rest_route=\/wp\/v2\/pages"}],"about":[{"href":"https:\/\/camp-spirit-lake.uqo.ca\/index.php?rest_route=\/wp\/v2\/types\/page"}],"author":[{"embeddable":true,"href":"https:\/\/camp-spirit-lake.uqo.ca\/index.php?rest_route=\/wp\/v2\/users\/1"}],"replies":[{"embeddable":true,"href":"https:\/\/camp-spirit-lake.uqo.ca\/index.php?rest_route=%2Fwp%2Fv2%2Fcomments&post=7"}],"version-history":[{"count":10,"href":"https:\/\/camp-spirit-lake.uqo.ca\/index.php?rest_route=\/wp\/v2\/pages\/7\/revisions"}],"predecessor-version":[{"id":180,"href":"https:\/\/camp-spirit-lake.uqo.ca\/index.php?rest_route=\/wp\/v2\/pages\/7\/revisions\/180"}],"wp:attachment":[{"href":"https:\/\/camp-spirit-lake.uqo.ca\/index.php?rest_route=%2Fwp%2Fv2%2Fmedia&parent=7"}],"curies":[{"name":"wp","href":"https:\/\/api.w.org\/{rel}","templated":true}]}}