{"id":10,"date":"2022-10-05T13:35:17","date_gmt":"2022-10-05T13:35:17","guid":{"rendered":"https:\/\/camp-spirit-lake.uqo.ca\/?page_id=10"},"modified":"2022-10-19T02:36:20","modified_gmt":"2022-10-19T02:36:20","slug":"nous-contacter","status":"publish","type":"page","link":"https:\/\/camp-spirit-lake.uqo.ca\/?page_id=10","title":{"rendered":"Nous contacter"},"content":{"rendered":"\n<p class=\"has-black-color has-text-color has-normal-font-size\"><strong>Audrey Rousseau (chercheuse principale)<\/strong><\/p>\n\n\n\n<p><strong>D\u00e9partement des sciences sociales, Universit\u00e9 du Qu\u00e9bec en Outaouais<\/strong><\/p>\n\n\n\n<p class=\"has-black-color has-text-color has-normal-font-size\"><strong><em>Courriel :<\/em> <a href=\"mailto:rechspiritlake@uqo.ca\">rechspiritlake@uqo.ca<\/a> <\/strong><\/p>\n\n\n\n<p class=\"has-black-color has-text-color has-normal-font-size\"><strong><em>T\u00e9l\u00e9phone :<\/em> 1-800-567-1283 poste 1924<\/strong><\/p>\n\n\n\n<figure class=\"wp-block-image size-large is-resized\"><img loading=\"lazy\" src=\"https:\/\/camp-spirit-lake.uqo.ca\/wp-content\/uploads\/2022\/10\/DSCF6061-1-1024x768.jpg\" alt=\"\" class=\"wp-image-156\" width=\"319\" height=\"238\" srcset=\"https:\/\/camp-spirit-lake.uqo.ca\/wp-content\/uploads\/2022\/10\/DSCF6061-1-1024x768.jpg 1024w, https:\/\/camp-spirit-lake.uqo.ca\/wp-content\/uploads\/2022\/10\/DSCF6061-1-300x225.jpg 300w, https:\/\/camp-spirit-lake.uqo.ca\/wp-content\/uploads\/2022\/10\/DSCF6061-1-768x576.jpg 768w, https:\/\/camp-spirit-lake.uqo.ca\/wp-content\/uploads\/2022\/10\/DSCF6061-1-1536x1152.jpg 1536w, https:\/\/camp-spirit-lake.uqo.ca\/wp-content\/uploads\/2022\/10\/DSCF6061-1-2048x1536.jpg 2048w\" sizes=\"(max-width: 319px) 100vw, 319px\" \/><\/figure>\n","protected":false},"excerpt":{"rendered":"<p>Audrey Rousseau (chercheuse principale) D\u00e9partement des sciences sociales, Universit\u00e9 du Qu\u00e9bec en Outaouais Courriel : rechspiritlake@uqo.ca T\u00e9l\u00e9phone : 1-800-567-1283 poste 1924<\/p>\n","protected":false},"author":1,"featured_media":0,"parent":0,"menu_order":0,"comment_status":"closed","ping_status":"closed","template":"","meta":[],"_links":{"self":[{"href":"https:\/\/camp-spirit-lake.uqo.ca\/index.php?rest_route=\/wp\/v2\/pages\/10"}],"collection":[{"href":"https:\/\/camp-spirit-lake.uqo.ca\/index.php?rest_route=\/wp\/v2\/pages"}],"about":[{"href":"https:\/\/camp-spirit-lake.uqo.ca\/index.php?rest_route=\/wp\/v2\/types\/page"}],"author":[{"embeddable":true,"href":"https:\/\/camp-spirit-lake.uqo.ca\/index.php?rest_route=\/wp\/v2\/users\/1"}],"replies":[{"embeddable":true,"href":"https:\/\/camp-spirit-lake.uqo.ca\/index.php?rest_route=%2Fwp%2Fv2%2Fcomments&post=10"}],"version-history":[{"count":10,"href":"https:\/\/camp-spirit-lake.uqo.ca\/index.php?rest_route=\/wp\/v2\/pages\/10\/revisions"}],"predecessor-version":[{"id":160,"href":"https:\/\/camp-spirit-lake.uqo.ca\/index.php?rest_route=\/wp\/v2\/pages\/10\/revisions\/160"}],"wp:attachment":[{"href":"https:\/\/camp-spirit-lake.uqo.ca\/index.php?rest_route=%2Fwp%2Fv2%2Fmedia&parent=10"}],"curies":[{"name":"wp","href":"https:\/\/api.w.org\/{rel}","templated":true}]}}